{"id":171,"date":"2016-01-21T16:55:12","date_gmt":"2016-01-21T15:55:12","guid":{"rendered":"http:\/\/ateliermlh.archi\/?page_id=171"},"modified":"2022-05-26T15:23:18","modified_gmt":"2022-05-26T14:23:18","slug":"contact","status":"publish","type":"page","link":"https:\/\/ateliermlh.archi\/?page_id=171","title":{"rendered":"Contacts"},"content":{"rendered":"<p>L&rsquo;Atelier MLH est l&rsquo;un des partenaires fondateurs des <strong>Ateliers du 6<\/strong>, impasse de Mont-Louis, un p\u00f4le de comp\u00e9tences et de connaissances, d&rsquo;\u00e9nergie et d&rsquo;entraide, qui regroupe des architectes aux parcours et sp\u00e9cialit\u00e9s diverses et compl\u00e9mentaires (enseignant\u00b7es, architectes de s\u00e9curit\u00e9, architectes du patrimoine, architectes conseil de l&rsquo;\u00c9tat, paysagiste, etc.).<\/p>\n<p><a href=\"http:\/\/ateliermlh.archi\/wp-content\/uploads\/2016\/01\/151221_Travail_SDubor-23-1.jpg\"><img loading=\"lazy\" decoding=\"async\" class=\" wp-image-455 aligncenter\" src=\"http:\/\/ateliermlh.archi\/wp-content\/uploads\/2016\/01\/151221_Travail_SDubor-23-1-300x169.jpg\" alt=\"\" width=\"518\" height=\"292\" srcset=\"https:\/\/ateliermlh.archi\/wp-content\/uploads\/2016\/01\/151221_Travail_SDubor-23-1-300x169.jpg 300w, https:\/\/ateliermlh.archi\/wp-content\/uploads\/2016\/01\/151221_Travail_SDubor-23-1-768x432.jpg 768w, https:\/\/ateliermlh.archi\/wp-content\/uploads\/2016\/01\/151221_Travail_SDubor-23-1-1024x576.jpg 1024w, https:\/\/ateliermlh.archi\/wp-content\/uploads\/2016\/01\/151221_Travail_SDubor-23-1-171x96.jpg 171w\" sizes=\"(max-width: 518px) 100vw, 518px\" \/><\/a><\/p>\n<p style=\"text-align: center;\">6 impasse Mont-Louis<br \/>75011 Paris<\/p>\n<p style=\"text-align: center;\">01.43.48.11.94<\/p>\n<p style=\"text-align: center;\"><strong><span style=\"text-decoration: underline;\">contact {@} ateliermlh.archi<\/span><\/strong><\/p>\n<p style=\"text-align: center;\"><a href=\"http:\/\/ateliermlh.archi\/wp-content\/uploads\/2016\/01\/16-MontLouis-e1453391745852.jpg\" rel=\"attachment wp-att-172\"><img loading=\"lazy\" decoding=\"async\" class=\"wp-image-172 aligncenter\" src=\"http:\/\/ateliermlh.archi\/wp-content\/uploads\/2016\/01\/16-MontLouis-e1453391745852.jpg\" alt=\"(Construction de... )\" width=\"188\" height=\"182\" \/><\/a><\/p>\n\n\n<p><\/p>\n\n\n\n<p>Moyens mat\u00e9riels :<\/p>\n\n\n\n<ul class=\"wp-block-list\"><li>20 postes de travail<\/li><li>2 salles de r\u00e9union<\/li><li>Postes Windows et Mac<\/li><li>Archicad (BIM), Sketchup, Suite Adobe<\/li><li>Traceur A0, Copieur laser A4\/A3<\/li><li>Appareils et cam\u00e9ra num\u00e9riques<\/li><li>Laserm\u00e8tre, Humidim\u00e8tre<\/li><\/ul>\n\n\n\n<p><\/p>\n\n\n\n<p>Photographie : \u00a9 S\u00e9bastien Dubor<\/p>\n\n\n\n<pre class=\"wp-block-preformatted\"><a href=\"http:\/\/ateliermlh.archi\/?page_id=202\" data-type=\"page\" data-id=\"202\">Cr\u00e9dits du site<\/a><\/pre>\n","protected":false},"excerpt":{"rendered":"<p>L&rsquo;Atelier MLH est l&rsquo;un des partenaires fondateurs des Ateliers du 6, impasse de Mont-Louis, un p\u00f4le de comp\u00e9tences et de connaissances, d&rsquo;\u00e9nergie et d&rsquo;entraide, qui regroupe des architectes aux parcours et sp\u00e9cialit\u00e9s diverses et compl\u00e9mentaires (enseignant\u00b7es, architectes de s\u00e9curit\u00e9, architectes du patrimoine, architectes conseil de l&rsquo;\u00c9tat, paysagiste, etc.). 6 impasse Mont-Louis75011 Paris 01.43.48.11.94 contact {@} &#8230;<\/p>\n","protected":false},"author":1,"featured_media":0,"parent":0,"menu_order":0,"comment_status":"closed","ping_status":"closed","template":"templates\/fullwidth.php","meta":{"footnotes":""},"class_list":["post-171","page","type-page","status-publish","hentry"],"jetpack_sharing_enabled":true,"_links":{"self":[{"href":"https:\/\/ateliermlh.archi\/index.php?rest_route=\/wp\/v2\/pages\/171"}],"collection":[{"href":"https:\/\/ateliermlh.archi\/index.php?rest_route=\/wp\/v2\/pages"}],"about":[{"href":"https:\/\/ateliermlh.archi\/index.php?rest_route=\/wp\/v2\/types\/page"}],"author":[{"embeddable":true,"href":"https:\/\/ateliermlh.archi\/index.php?rest_route=\/wp\/v2\/users\/1"}],"replies":[{"embeddable":true,"href":"https:\/\/ateliermlh.archi\/index.php?rest_route=%2Fwp%2Fv2%2Fcomments&post=171"}],"version-history":[{"count":23,"href":"https:\/\/ateliermlh.archi\/index.php?rest_route=\/wp\/v2\/pages\/171\/revisions"}],"predecessor-version":[{"id":1825,"href":"https:\/\/ateliermlh.archi\/index.php?rest_route=\/wp\/v2\/pages\/171\/revisions\/1825"}],"wp:attachment":[{"href":"https:\/\/ateliermlh.archi\/index.php?rest_route=%2Fwp%2Fv2%2Fmedia&parent=171"}],"curies":[{"name":"wp","href":"https:\/\/api.w.org\/{rel}","templated":true}]}}