{"id":202,"date":"2016-05-31T10:46:55","date_gmt":"2016-05-31T09:46:55","guid":{"rendered":"http:\/\/ateliermlh.archi\/?page_id=202"},"modified":"2020-10-09T12:25:28","modified_gmt":"2020-10-09T11:25:28","slug":"credits-et-mentions-legales","status":"publish","type":"page","link":"https:\/\/ateliermlh.archi\/?page_id=202","title":{"rendered":"Cr\u00e9dits"},"content":{"rendered":"<h6>Site internet<\/h6>\n<p>Le site ateliermlh.archi est \u00e9dit\u00e9 par Atelier MLH, agence d&rsquo;architecture (SAS).<\/p>\n<h6>Photographies<\/h6>\n<p>Sauf mention contraire les photographies sont la propri\u00e9t\u00e9 d&rsquo;Atelier MLH.<\/p>\n<h6>Informations l\u00e9gales et droit de diffusion<\/h6>\n<p class=\"full\">L\u2019ensemble du site de l&rsquo;Atelier MLH rel\u00e8ve de la l\u00e9gislation fran\u00e7aise sur le droit d\u2019auteur et de la propri\u00e9t\u00e9 intellectuelle. Tous les droits de reproduction sont r\u00e9serv\u00e9s, y compris pour les documents t\u00e9l\u00e9chargeables et les repr\u00e9sentations iconographiques et photographiques.<br \/>\nLa reproduction de tout ou partie de ce site sur un support \u00e9lectronique quel qu\u2019il soit est interdite sauf autorisation pr\u00e9alable.<\/p>\n<p class=\"full\">All material is copyright protected by Atelier MLH and must not be reproduced without prior consent.<\/p>\n<h6>Pour nous contacter :<\/h6>\n<p>Atelier MLH<br \/>\nLes ateliers du 6, impasse de Mont-Louis<br \/>\n75011 Paris<br \/>\nt +33 (0) 1 43 48 11 94<br \/>\ncontact {@} ateliermlh.archi<br \/>\nwww.ateliermlh.archi<\/p>\n","protected":false},"excerpt":{"rendered":"<p>Site internet Le site ateliermlh.archi est \u00e9dit\u00e9 par Atelier MLH, agence d&rsquo;architecture (SAS). Photographies Sauf mention contraire les photographies sont la propri\u00e9t\u00e9 d&rsquo;Atelier MLH. Informations l\u00e9gales et droit de diffusion L\u2019ensemble du site de l&rsquo;Atelier MLH rel\u00e8ve de la l\u00e9gislation fran\u00e7aise sur le droit d\u2019auteur et de la propri\u00e9t\u00e9 intellectuelle. Tous les droits de reproduction &#8230;<\/p>\n","protected":false},"author":1,"featured_media":0,"parent":0,"menu_order":0,"comment_status":"closed","ping_status":"closed","template":"","meta":{"footnotes":""},"class_list":["post-202","page","type-page","status-publish","hentry"],"jetpack_sharing_enabled":true,"_links":{"self":[{"href":"https:\/\/ateliermlh.archi\/index.php?rest_route=\/wp\/v2\/pages\/202"}],"collection":[{"href":"https:\/\/ateliermlh.archi\/index.php?rest_route=\/wp\/v2\/pages"}],"about":[{"href":"https:\/\/ateliermlh.archi\/index.php?rest_route=\/wp\/v2\/types\/page"}],"author":[{"embeddable":true,"href":"https:\/\/ateliermlh.archi\/index.php?rest_route=\/wp\/v2\/users\/1"}],"replies":[{"embeddable":true,"href":"https:\/\/ateliermlh.archi\/index.php?rest_route=%2Fwp%2Fv2%2Fcomments&post=202"}],"version-history":[{"count":7,"href":"https:\/\/ateliermlh.archi\/index.php?rest_route=\/wp\/v2\/pages\/202\/revisions"}],"predecessor-version":[{"id":1054,"href":"https:\/\/ateliermlh.archi\/index.php?rest_route=\/wp\/v2\/pages\/202\/revisions\/1054"}],"wp:attachment":[{"href":"https:\/\/ateliermlh.archi\/index.php?rest_route=%2Fwp%2Fv2%2Fmedia&parent=202"}],"curies":[{"name":"wp","href":"https:\/\/api.w.org\/{rel}","templated":true}]}}