{"id":2735,"date":"2026-01-12T17:40:59","date_gmt":"2026-01-12T16:40:59","guid":{"rendered":"https:\/\/ateliermlh.archi\/?page_id=2735"},"modified":"2026-01-13T10:09:25","modified_gmt":"2026-01-13T09:09:25","slug":"qui-sommes-nous","status":"publish","type":"page","link":"https:\/\/ateliermlh.archi\/?page_id=2735","title":{"rendered":"Agence"},"content":{"rendered":"\n<p><strong>Au sein de l&rsquo;Atelier MLH, nous partageons une m\u00eame ambition de mettre les enjeux sociaux, urbains et environnementaux au c\u0153ur de nos projets. Qu\u2019il s\u2019agisse de construction neuve ou de r\u00e9habilitation, notre attention est toujours tourn\u00e9e vers l\u2019intime connaissance et la compr\u00e9hension du d\u00e9j\u00e0-l\u00e0, pour proposer des interventions adapt\u00e9es. <\/strong><\/p>\n\n\n\n<p><strong>Le temps accord\u00e9 \u00e0 cette acculturation au contexte nous permet \u00e9galement d\u2019en conna\u00eetre les acteurs et actrices, avec une attention particuli\u00e8re \u00e0 celles et ceux qui utiliseront ensuite les espaces. Nous voyons le dialogue avec l\u2019ensemble des partenaires directs comme indirects du projet comme un devoir essentiel et cr\u00e9atif. <\/strong><\/p>\n\n\n\n<p><strong>Ce temps est aussi celui que nous prenons pour dessiner nos projets jusque dans leurs d\u00e9tails et en ma\u00eetriser les aspects techniques afin qu\u2019ils participent d\u2019une vision d\u2019ensemble. Le dialogue se prolonge alors sur le chantier, <\/strong><strong>un moment \u00e0 nos yeux crucial, <\/strong><strong>aux c\u00f4t\u00e9s de celles et ceux qui fabriquent.<\/strong><strong><\/strong><\/p>\n\n\n\n<p><strong>La pratique situ\u00e9e que nous proposons voit ainsi l\u2019architecture comme l\u2019incarnation d\u2019une \u00e9poque et de ses enjeux, et non de la mode. \u00c0 l\u2019heure o\u00f9 les cons\u00e9quences du r\u00e9chauffement climatique se trouvent sous nos yeux, nous sommes convaincues de la n\u00e9cessit\u00e9 d\u2019une pratique engag\u00e9e de l\u2019architecture que nous souhaitons ainsi d\u00e9fendre.<\/strong><\/p>\n\n\n\n<p>L&rsquo;agence est aujourd\u2019hui dirig\u00e9e par <a href=\"https:\/\/ateliermlh.archi\/?page_id=2740&amp;preview=true\" data-type=\"link\" data-id=\"https:\/\/ateliermlh.archi\/?page_id=2740&amp;preview=true\">Lo\u00efse Lenne<\/a>.<\/p>\n\n\n\n<p>Elle a \u00e9t\u00e9 fond\u00e9e par Michelle Lenne-Haziza en 1987, et dirig\u00e9e par Julie Cohen et Lo\u00efse Lenne de 2020 \u00e0 2025.<\/p>\n\n\n\n<p>L\u2019agence se situe \u00e0 Paris et fait partie des <a href=\"https:\/\/ateliermlh.archi\/?page_id=171\" data-type=\"link\" data-id=\"https:\/\/ateliermlh.archi\/?page_id=171\">Ateliers du 6<\/a>, qui regroupent une vingtaine d\u2019architectes, architectes du patrimoine, architectes conseils, chercheurs et paysagistes<em>.<\/em><\/p>\n\n\n\n<p><\/p>\n\n\n\n<p><\/p>\n\n\n\n<p><\/p>\n\n\n\n<p><\/p>\n\n\n\n<p><\/p>\n","protected":false},"excerpt":{"rendered":"<p>Au sein de l&rsquo;Atelier MLH, nous partageons une m\u00eame ambition de mettre les enjeux sociaux, urbains et environnementaux au c\u0153ur de nos projets. Qu\u2019il s\u2019agisse de construction neuve ou de r\u00e9habilitation, notre attention est toujours tourn\u00e9e vers l\u2019intime connaissance et la compr\u00e9hension du d\u00e9j\u00e0-l\u00e0, pour proposer des interventions adapt\u00e9es. Le temps accord\u00e9 \u00e0 cette acculturation &#8230;<\/p>\n","protected":false},"author":1,"featured_media":0,"parent":0,"menu_order":0,"comment_status":"closed","ping_status":"closed","template":"templates\/centered.php","meta":{"footnotes":""},"class_list":["post-2735","page","type-page","status-publish","hentry"],"jetpack_sharing_enabled":true,"_links":{"self":[{"href":"https:\/\/ateliermlh.archi\/index.php?rest_route=\/wp\/v2\/pages\/2735"}],"collection":[{"href":"https:\/\/ateliermlh.archi\/index.php?rest_route=\/wp\/v2\/pages"}],"about":[{"href":"https:\/\/ateliermlh.archi\/index.php?rest_route=\/wp\/v2\/types\/page"}],"author":[{"embeddable":true,"href":"https:\/\/ateliermlh.archi\/index.php?rest_route=\/wp\/v2\/users\/1"}],"replies":[{"embeddable":true,"href":"https:\/\/ateliermlh.archi\/index.php?rest_route=%2Fwp%2Fv2%2Fcomments&post=2735"}],"version-history":[{"count":9,"href":"https:\/\/ateliermlh.archi\/index.php?rest_route=\/wp\/v2\/pages\/2735\/revisions"}],"predecessor-version":[{"id":2757,"href":"https:\/\/ateliermlh.archi\/index.php?rest_route=\/wp\/v2\/pages\/2735\/revisions\/2757"}],"wp:attachment":[{"href":"https:\/\/ateliermlh.archi\/index.php?rest_route=%2Fwp%2Fv2%2Fmedia&parent=2735"}],"curies":[{"name":"wp","href":"https:\/\/api.w.org\/{rel}","templated":true}]}}