{"id":2810,"date":"2026-01-13T15:33:59","date_gmt":"2026-01-13T14:33:59","guid":{"rendered":"https:\/\/ateliermlh.archi\/?page_id=2810"},"modified":"2026-01-15T10:25:02","modified_gmt":"2026-01-15T09:25:02","slug":"le-nouveau-programme","status":"publish","type":"page","link":"https:\/\/ateliermlh.archi\/?page_id=2810","title":{"rendered":"Le Nouveau Programme"},"content":{"rendered":"\n<figure class=\"wp-block-video aligncenter\"><video controls src=\"http:\/\/ateliermlh.archi\/wp-content\/uploads\/EP-16_LNP-Atelier-MLH-v2-compressed.mp4\"><\/video><\/figure>\n\n\n\n<p>Cette vid\u00e9o est produite dans le cadre du lancement de l&rsquo;ouvrage \u00ab\u00a0Elles construisent : portraits d\u2019architectes franciliennes #1\u00a0\u00bb. Cet ouvrage est produit par la DRAC \u00cele-de-France, la Maison de l&rsquo;Architecture et le collectif M\u00e9MO pour retracer le parcours de seize femmes architectes franciliennes \u00e0 travers des portraits d\u00e9taill\u00e9s.<\/p>\n\n\n\n<p>Vid\u00e9o \u00a9 Le Nouveau Programme<\/p>\n\n\n\n<p><a href=\"https:\/\/www.instagram.com\/lenouveauprogramme\/\">>> Le nouveau programme<\/a><\/p>\n\n\n\n<p><a href=\"https:\/\/www.instagram.com\/femmesdelarchitecture\/\">&gt;&gt; Femmes de l&rsquo;Architecture<\/a><\/p>\n\n\n\n<p><\/p>\n","protected":false},"excerpt":{"rendered":"<p>Cette vid\u00e9o est produite dans le cadre du lancement de l&rsquo;ouvrage \u00ab\u00a0Elles construisent : portraits d\u2019architectes franciliennes #1\u00a0\u00bb. Cet ouvrage est produit par la DRAC \u00cele-de-France, la Maison de l&rsquo;Architecture et le collectif M\u00e9MO pour retracer le parcours de seize femmes architectes franciliennes \u00e0 travers des portraits d\u00e9taill\u00e9s. Vid\u00e9o \u00a9 Le Nouveau Programme >> Le &#8230;<\/p>\n","protected":false},"author":1,"featured_media":0,"parent":0,"menu_order":0,"comment_status":"closed","ping_status":"closed","template":"templates\/centered.php","meta":{"footnotes":""},"class_list":["post-2810","page","type-page","status-publish","hentry"],"jetpack_sharing_enabled":true,"_links":{"self":[{"href":"https:\/\/ateliermlh.archi\/index.php?rest_route=\/wp\/v2\/pages\/2810"}],"collection":[{"href":"https:\/\/ateliermlh.archi\/index.php?rest_route=\/wp\/v2\/pages"}],"about":[{"href":"https:\/\/ateliermlh.archi\/index.php?rest_route=\/wp\/v2\/types\/page"}],"author":[{"embeddable":true,"href":"https:\/\/ateliermlh.archi\/index.php?rest_route=\/wp\/v2\/users\/1"}],"replies":[{"embeddable":true,"href":"https:\/\/ateliermlh.archi\/index.php?rest_route=%2Fwp%2Fv2%2Fcomments&post=2810"}],"version-history":[{"count":6,"href":"https:\/\/ateliermlh.archi\/index.php?rest_route=\/wp\/v2\/pages\/2810\/revisions"}],"predecessor-version":[{"id":2888,"href":"https:\/\/ateliermlh.archi\/index.php?rest_route=\/wp\/v2\/pages\/2810\/revisions\/2888"}],"wp:attachment":[{"href":"https:\/\/ateliermlh.archi\/index.php?rest_route=%2Fwp%2Fv2%2Fmedia&parent=2810"}],"curies":[{"name":"wp","href":"https:\/\/api.w.org\/{rel}","templated":true}]}}